{"id":191,"date":"2020-08-14T19:32:16","date_gmt":"2020-08-14T22:32:16","guid":{"rendered":"https:\/\/pettoys.com.br\/?page_id=191"},"modified":"2023-02-02T09:36:41","modified_gmt":"2023-02-02T12:36:41","slug":"fale-conosco","status":"publish","type":"page","link":"https:\/\/pettoys.com.br\/en\/fale-conosco\/","title":{"rendered":"Contact us"},"content":{"rendered":"<div class=\"row\"  id=\"row-333778632\">\n\n\t<div id=\"col-384793412\" class=\"col medium-6 small-12 large-6\"  >\n\t\t\t\t<div class=\"col-inner\"  >\n\t\t\t\n\t\t\t\n\t<div id=\"gap-1632615774\" class=\"gap-element clearfix\" style=\"display:block; height:auto;\">\n\t\t\n<style>\n#gap-1632615774 {\n  padding-top: 30px;\n}\n<\/style>\n\t<\/div>\n\t\n<h1 class=\"product-title entry-title\">CONTACT US<\/h1>\n<p>This is an exclusive channel for you to clear your doubts and create new requests about orders placed. All of our agents are prepared to generate solutions.<\/p>\n<div id=\"quform-5234a8\" class=\"quform quform-4 quform-theme-light quform-support-page-caching\"><form id=\"quform-form-5234a8\" class=\"quform-form quform-form-4\" action=\"\/en\/wp-json\/wp\/v2\/pages\/191#quform-5234a8\" method=\"post\" enctype=\"multipart\/form-data\" novalidate=\"novalidate\" data-options=\"{&quot;id&quot;:4,&quot;uniqueId&quot;:&quot;5234a8&quot;,&quot;theme&quot;:&quot;light&quot;,&quot;ajax&quot;:true,&quot;logic&quot;:{&quot;logic&quot;:[],&quot;dependents&quot;:[],&quot;elementIds&quot;:[],&quot;dependentElementIds&quot;:[],&quot;animate&quot;:true},&quot;currentPageId&quot;:1,&quot;errorsIcon&quot;:&quot;&quot;,&quot;updateFancybox&quot;:true,&quot;hasPages&quot;:false,&quot;pages&quot;:[1],&quot;pageProgressType&quot;:&quot;numbers&quot;,&quot;tooltipsEnabled&quot;:true,&quot;tooltipClasses&quot;:&quot;qtip-quform-dark qtip-shadow&quot;,&quot;tooltipMy&quot;:&quot;left center&quot;,&quot;tooltipAt&quot;:&quot;right center&quot;,&quot;isRtl&quot;:false,&quot;scrollOffset&quot;:-50,&quot;scrollSpeed&quot;:800}\" data-trp-original-action=\"\/en\/wp-json\/wp\/v2\/pages\/191#quform-5234a8\"><button class=\"quform-default-submit\" name=\"quform_submit\" type=\"submit\" value=\"submit\" aria-hidden=\"true\" tabindex=\"-1\"><\/button><div class=\"quform-form-inner quform-form-inner-4\"><input type=\"hidden\" name=\"quform_form_id\" value=\"4\" \/><input type=\"hidden\" name=\"quform_form_uid\" value=\"5234a8\" \/><input type=\"hidden\" name=\"quform_count\" value=\"1\" \/><input type=\"hidden\" name=\"form_url\" value=\"https:\/\/pettoys.com.br\/en\/wp-json\/wp\/v2\/pages\/191\" \/><input type=\"hidden\" name=\"referring_url\" value=\"\" \/><input type=\"hidden\" name=\"post_id\" value=\"\" \/><input type=\"hidden\" name=\"post_title\" value=\"\" \/><input type=\"hidden\" name=\"quform_current_page_id\" value=\"1\" \/><input type=\"hidden\" name=\"quform_csrf_token\" value=\"xozUX5YNm618RL6PRJ3vs91qKROttK6HfaTc9kYj\" \/><div class=\"quform-elements quform-elements-4 quform-cf quform-responsive-elements-phone-landscape\"><div class=\"quform-element quform-element-page quform-page-1 quform-page-4_1 quform-cf quform-group-style-plain quform-first-page quform-last-page quform-current-page\"><div class=\"quform-child-elements\"><div class=\"quform-element quform-element-text quform-element-4_12 quform-cf quform-labels-inside quform-element-required\"><div class=\"quform-spacer\"><div class=\"quform-label quform-label-4_12\"><span class=\"quform-label-icon\"><i class=\"fa fa-user\"><\/i><\/span><label class=\"quform-label-text\" for=\"quform_4_12_5234a8\">Full name<span class=\"quform-required\">*<\/span><\/label><\/div><div class=\"quform-inner quform-inner-text quform-inner-4_12\"><div class=\"quform-input quform-input-text quform-input-4_12 quform-cf\"><input type=\"text\" id=\"quform_4_12_5234a8\" name=\"quform_4_12\" class=\"quform-field quform-field-text quform-field-4_12\" \/><\/div><\/div><\/div><\/div><div class=\"quform-element quform-element-email quform-element-4_4 quform-cf quform-labels-inside quform-element-required\"><div class=\"quform-spacer\"><div class=\"quform-label quform-label-4_4\"><span class=\"quform-label-icon\"><i class=\"fa fa-envelope-o\"><\/i><\/span><label class=\"quform-label-text\" for=\"quform_4_4_5234a8\">Email address<span class=\"quform-required\">*<\/span><\/label><\/div><div class=\"quform-inner quform-inner-email quform-inner-4_4\"><div class=\"quform-input quform-input-email quform-input-4_4 quform-cf\"><input type=\"email\" id=\"quform_4_4_5234a8\" name=\"quform_4_4\" class=\"quform-field quform-field-email quform-field-4_4\" \/><\/div><\/div><\/div><\/div><div class=\"quform-element quform-element-text quform-element-4_6 quform-cf quform-labels-inside quform-element-required\"><div class=\"quform-spacer\"><div class=\"quform-label quform-label-4_6\"><span class=\"quform-label-icon\"><i class=\"fa fa-whatsapp\"><\/i><\/span><label class=\"quform-label-text\" for=\"quform_4_6_5234a8\">Phone \/ WhatsApp<span class=\"quform-required\">*<\/span><\/label><\/div><div class=\"quform-inner quform-inner-text quform-inner-4_6\"><div class=\"quform-input quform-input-text quform-input-4_6 quform-cf\"><input type=\"text\" id=\"quform_4_6_5234a8\" name=\"quform_4_6\" class=\"quform-field quform-field-text quform-field-4_6\" \/><\/div><\/div><\/div><\/div><div class=\"quform-element quform-element-select quform-element-4_15 quform-cf quform-element-required\"><div class=\"quform-spacer\"><div class=\"quform-label quform-label-4_15\"><label class=\"quform-label-text\" for=\"quform_4_15_5234a8\">What is the subject of your message?<span class=\"quform-required\">*<\/span><\/label><\/div><div class=\"quform-inner quform-inner-select quform-inner-4_15\"><div class=\"quform-input quform-input-select quform-input-4_15 quform-cf\"><select id=\"quform_4_15_5234a8\" name=\"quform_4_15\" class=\"quform-field quform-field-select quform-field-4_15\"><option value=\"\" selected=\"selected\">Please select<\/option><option value=\"Contato e D\u00favidas Gerais\">Contact and General Questions<\/option><option value=\"Vendas e Or\u00e7amentos\">Sales and Budgets<\/option><option value=\"Reclama\u00e7\u00f5es e Sugest\u00f5es\">Complaints and Suggestions<\/option><option value=\"Assuntos Diversos\">Miscellaneous Matters<\/option><\/select><\/div><\/div><\/div><\/div><div class=\"quform-element quform-element-textarea quform-element-4_7 quform-cf quform-labels-inside quform-element-optional\"><div class=\"quform-spacer\"><div class=\"quform-label quform-label-4_7\"><label class=\"quform-label-text\" for=\"quform_4_7_5234a8\">write your message<\/label><\/div><div class=\"quform-inner quform-inner-textarea quform-inner-4_7\"><div class=\"quform-input quform-input-textarea quform-input-4_7 quform-cf\"><textarea id=\"quform_4_7_5234a8\" name=\"quform_4_7\" class=\"quform-field quform-field-textarea quform-field-4_7\"><\/textarea><\/div><\/div><\/div><\/div><div class=\"quform-element quform-element-captcha quform-element-4_11 quform-cf quform-labels-inside quform-element-required\"><div class=\"quform-spacer\"><div class=\"quform-label quform-label-4_11\"><label class=\"quform-label-text\" for=\"quform_4_11_5234a8\">Please enter the characters<span class=\"quform-required\">*<\/span><\/label><\/div><div class=\"quform-inner quform-inner-captcha quform-inner-4_11\"><div class=\"quform-input quform-input-captcha quform-input-4_11 quform-cf\"><input type=\"text\" id=\"quform_4_11_5234a8\" name=\"quform_4_11\" class=\"quform-field quform-field-captcha quform-field-4_11\" \/><\/div><div class=\"quform-captcha quform-cf\"><div class=\"quform-captcha-image quform-captcha-image-4_11\"><img loading=\"lazy\" decoding=\"async\" class=\"quform-captcha-image-img\" src=\"data:image\/png;base64,iVBORw0KGgoAAAANSUhEUgAAAOYAAABQBAMAAAD\/1xTgAAAAG1BMVEX\/\/\/8iIiLj4+OQkJB0dHTHx8c9PT2srKxZWVnv4jsKAAAACXBIWXMAAA7EAAAOxAGVKw4bAAADkklEQVRoge1XS0\/bQBB21vHj2CnB+OhUNHAkVVv1iFELPSbqA45dBBVHHFq1Rxwk1J\/dnVk\/dtePhNAekPa7gO2d\/ebxzezGcSwsLCwsLCwsLJ4kEvmHvZ9tZs9eP9jQjZKXSDuG7c04fdh6uMlHiK4dZwrRZpwZgBro6c\/VJgMQEKRT3RTBeu3ZwtlbSM7b6mWQA4ySxtrTFk6IFhOAa\/2LJ+x70uZHuwAXM0cYPqv8yHGznYZ7ilcF5z0u\/N7gJPvzTs4xOQt3PxROwX\/FAQ6MpS5s\/1KT6AvtfJXmieJZ4oT0brSKE\/GtfMfhyPF4Q40+ZnKmPt+igPTtPwtj8e5Kd0THQMaEKONyqRZ+Q41UP\/x0vKw5sXRKGvflVkdO0MxThVBs7aVagsYUsdcwkik5dIYQJZIT17GbSrZ7xztQpTU1qq\/ARa2wtxDXQsskGa+TXb7f+g0QY7wHMu7n+GdSqm2\/qhIqY17rw0QgudikZphKv1OzoKmQp8jI5aBoKzl\/vEq1lK145klnB93TiQnHEXnd16n8NzNbjIMj8grwp+CUu86rZalMvXiD8YfdwmWyjq6yYipTlxXelPBIVGktNxepA6IhTOKUloTkRdAzEWVq5or2Mplmsbu2cEibDBW5vSDDeutEsrnkLOtpFo5+Mq6MkjGJgpkdFsq4z0Cba1obDylbnnSWm9OpRoqcoZrHkDpfDCN9dIcF1VmdTYxJbQmZ\/oJtCod7HZFO4gS\/K9NVRDj6Iroi1zk9vixYlDB93TH5RGGIdEWymTrAta8Z1exy2laQgEOcqEs1peSkLhIEm0Lv4RJoGcJZi2dZCs2VnjH7U70jMtpnjBHQ2dJzgRiqJUIf7qO7xOEtYseZoD5z\/cgbl62Zn9OA6FQRVUWbrR6e8l5LZvbNI8oIxScXsJ+2cojedDPSiaF5RNNv0qKA3EiIkJu2iJqF5u5o9yTpo8QTQ+VkGLaoXOMwcsGYTSanaJZPr9L+W0I7p2jqk9O8ZV6Ozb0YGKcHFlFwxotVlI3ccu0Mr5GaNx+D0ztGu3n0YSWjU52IJeiWs2wsEwymlHVOOtVH4ka0BnxTGu\/4RUt2guZlUL8N4DC5WPP3wBC6LxIKQrN6QlUn6tNknUIWCMC8h7RiYKSjAdbbkQb4is0k5o3L82NwdrfOqqznGP5fmG\/6A+wR2OD34qPBbv5hOS0sLCwsLCwsLCyeNv4CAwOGh0IJWqYAAAAASUVORK5CYII=\" alt=\"CAPTCHA image\" data-element-id=\"11\" width=\"115\" height=\"40\" \/><\/div><\/div><p class=\"quform-description quform-description-below\">This helps us to avoid spam, thank you.<\/p><\/div><\/div><\/div><div class=\"quform-element quform-element-submit quform-element-4_2 quform-cf quform-button-style-theme quform-button-size-fat quform-button-width-full\"><div class=\"quform-button-submit quform-button-submit-default quform-button-submit-4_2 quform-button-icon-right\"><button name=\"quform_submit\" type=\"submit\" class=\"quform-submit\" value=\"submit\"><span class=\"quform-button-text quform-button-submit-text\">To send<\/span><span class=\"quform-button-icon quform-button-submit-icon\"><i class=\"qicon-paper-plane\"><\/i><\/span><\/button><\/div><div class=\"quform-loading quform-loading-position-left quform-loading-type-spinner-3\"><div class=\"quform-loading-inner\"><div class=\"quform-loading-spinner\"><div class=\"quform-loading-spinner-inner\"><\/div><\/div><\/div><\/div><\/div><div class=\"quform-element-tree\"><label for=\"quform_4_0_5234a8\">This field should be left blank<\/label><input type=\"text\" id=\"quform_4_0_5234a8\" name=\"quform_4_0\" class=\"quform-field quform-field-tree quform-field-4_0\" tabindex=\"-1\" autocomplete=\"off\" \/><\/div><\/div><\/div><\/div><\/div><input type=\"hidden\" name=\"trp-form-language\" value=\"en\"\/><\/form><\/div>\n\t\t<\/div>\n\t\t\t\t\t<\/div>\n\n\t\n\n\t<div id=\"col-2009326891\" class=\"col medium-6 small-12 large-6\"  >\n\t\t\t\t<div class=\"col-inner\"  >\n\t\t\t\n\t\t\t\n\t<div id=\"gap-2082907148\" class=\"gap-element clearfix\" style=\"display:block; height:auto;\">\n\t\t\n<style>\n#gap-2082907148 {\n  padding-top: 30px;\n}\n<\/style>\n\t<\/div>\n\t\n<h1 class=\"product-title entry-title\">call center<\/h1>\n<div class=\"infocentral\"><div class=\"nta_wa_button\" data-id=\"20\" data-info=\"{&quot;name&quot;:&quot;Atendimento&quot;,&quot;info&quot;:{&quot;number&quot;:&quot;5511974685620&quot;,&quot;title&quot;:&quot;Atendimento ao cliente&quot;,&quot;predefinedText&quot;:&quot;Ol\\u00e1, estou agora no site *[njwa_page_url]*, e gostaria de conversar mais...&quot;,&quot;willBeBackText&quot;:&quot;N\\u00f3s voltamos em [njwa_time_work]&quot;,&quot;dayOffsText&quot;:&quot;Estamos online em hor\\u00e1rio comercial.&quot;,&quot;isAlwaysAvailable&quot;:&quot;OFF&quot;,&quot;daysOfWeekWorking&quot;:{&quot;sunday&quot;:{&quot;isWorkingOnDay&quot;:&quot;OFF&quot;,&quot;workHours&quot;:[{&quot;startTime&quot;:&quot;08:00&quot;,&quot;endTime&quot;:&quot;17:30&quot;}]},&quot;monday&quot;:{&quot;isWorkingOnDay&quot;:&quot;ON&quot;,&quot;workHours&quot;:[{&quot;startTime&quot;:&quot;08:00&quot;,&quot;endTime&quot;:&quot;22:00&quot;}]},&quot;tuesday&quot;:{&quot;isWorkingOnDay&quot;:&quot;ON&quot;,&quot;workHours&quot;:[{&quot;startTime&quot;:&quot;08:00&quot;,&quot;endTime&quot;:&quot;22:00&quot;}]},&quot;wednesday&quot;:{&quot;isWorkingOnDay&quot;:&quot;ON&quot;,&quot;workHours&quot;:[{&quot;startTime&quot;:&quot;08:00&quot;,&quot;endTime&quot;:&quot;22:00&quot;}]},&quot;thursday&quot;:{&quot;isWorkingOnDay&quot;:&quot;ON&quot;,&quot;workHours&quot;:[{&quot;startTime&quot;:&quot;08:00&quot;,&quot;endTime&quot;:&quot;22:00&quot;}]},&quot;friday&quot;:{&quot;isWorkingOnDay&quot;:&quot;ON&quot;,&quot;workHours&quot;:[{&quot;startTime&quot;:&quot;08:00&quot;,&quot;endTime&quot;:&quot;22:00&quot;}]},&quot;saturday&quot;:{&quot;isWorkingOnDay&quot;:&quot;ON&quot;,&quot;workHours&quot;:[{&quot;startTime&quot;:&quot;08:00&quot;,&quot;endTime&quot;:&quot;22:00&quot;}]}}},&quot;styles&quot;:{&quot;type&quot;:&quot;round&quot;,&quot;backgroundColor&quot;:&quot;#2DB742&quot;,&quot;textColor&quot;:&quot;#fff&quot;,&quot;label&quot;:&quot;Converse agora via WhatsApp&quot;,&quot;width&quot;:300,&quot;height&quot;:64},&quot;avatar&quot;:&quot;https:\\\/\\\/pettoys.com.br\\\/wp-content\\\/uploads\\\/2020\\\/07\\\/att.png&quot;,&quot;options&quot;:{&quot;display&quot;:{&quot;displayCondition&quot;:&quot;excludePages&quot;,&quot;includePages&quot;:[],&quot;excludePages&quot;:[&quot;274&quot;,&quot;13&quot;,&quot;12&quot;],&quot;showOnDesktop&quot;:&quot;ON&quot;,&quot;showOnMobile&quot;:&quot;ON&quot;,&quot;time_symbols&quot;:&quot;h:m&quot;},&quot;styles&quot;:{&quot;title&quot;:&quot;Converse agora via WhatsApp&quot;,&quot;responseText&quot;:&quot;Este atendimento normalmente responde em minutos.&quot;,&quot;description&quot;:&quot;&quot;,&quot;backgroundColor&quot;:&quot;#2db742&quot;,&quot;textColor&quot;:&quot;#fff&quot;,&quot;scrollHeight&quot;:500,&quot;isShowScroll&quot;:&quot;OFF&quot;,&quot;isShowResponseText&quot;:&quot;ON&quot;,&quot;btnLabel&quot;:&quot;Converse via &lt;strong&gt;WhatsApp&lt;\\\/strong&gt;&quot;,&quot;btnLabelWidth&quot;:156,&quot;btnPosition&quot;:&quot;right&quot;,&quot;btnLeftDistance&quot;:30,&quot;btnRightDistance&quot;:30,&quot;btnBottomDistance&quot;:30,&quot;isShowBtnLabel&quot;:&quot;ON&quot;,&quot;isShowGDPR&quot;:&quot;OFF&quot;,&quot;gdprContent&quot;:&quot;Please accept our &lt;a href=\\&quot;https:\\\/\\\/ninjateam.org\\\/privacy-policy\\\/\\&quot;&gt;privacy policy&lt;\\\/a&gt; first to start a conversation.&quot;},&quot;analytics&quot;:{&quot;enabledGoogle&quot;:&quot;OFF&quot;,&quot;enabledFacebook&quot;:&quot;OFF&quot;,&quot;position&quot;:&quot;after_atc&quot;,&quot;isShow&quot;:&quot;OFF&quot;}},&quot;gdprStatus&quot;:false,&quot;defaultAvatar&quot;:&quot;https:\\\/\\\/pettoys.com.br\\\/wp-content\\\/plugins\\\/whatsapp-for-wordpress\\\/assets\\\/img\\\/whatsapp_logo.svg&quot;}\"><\/div><\/div>\n<div class=\"infocentral\">\n<div class=\"imagemicone\"><i class=\"fas fa-map-marker-alt iconelocal\"><\/i><\/div>\n<div class=\"enderecocontato\"><span class=\"LrzXr\">R. Forte do Triunfo, 172<\/span> \u2013 San Lorenzo Park<\/p>\n<p>Sao Paulo-SP<br \/>ZIP CODE:<br \/>\n            <span class=\"LrzXr\">08340-146<\/span><\/p>\n<\/p><\/div>\n<\/div>\n<h1 class=\"product-title entry-title\">See the location map below:<\/h1>\n<p><iframe src=\"https:\/\/www.google.com\/maps\/embed?pb=!1m18!1m12!1m3!1d3656.110336113609!2d-46.46572408528289!3d-23.600375568918672!2m3!1f0!2f0!3f0!3m2!1i1024!2i768!4f13.1!3m3!1m2!1s0x94ce66212d2750e3%3A0xeecdadd665196125!2sR.%20Forte%20do%20Triunfo%2C%20172%20-%20Parque%20S%C3%A3o%20Louren%C3%A7o%2C%20S%C3%A3o%20Paulo%20-%20SP%2C%2008340-146!5e0!3m2!1spt-BR!2sbr!4v1675341338388!5m2!1spt-BR!2sbr\" width=\"100%\" height=\"450\" style=\"border:0;\" allowfullscreen=\"\" loading=\"lazy\" referrerpolicy=\"no-referrer-when-downgrade\"><\/iframe><\/p>\n<a rel=\"noopener noreferrer\" href=\"https:\/\/www.google.com.br\/maps\/dir\/\/R.+Forte+do+Triunfo,+172+-+Parque+S%C3%A3o+Louren%C3%A7o,+S%C3%A3o+Paulo+-+SP,+08340-146\/@-23.6003756,-46.4657241,17z\/data=!4m9!4m8!1m0!1m5!1m1!1s0x94ce66212d2750e3:0xeecdadd665196125!2m2!1d-46.4635354!2d-23.6003805!3e0\" target=\"_blank\" class=\"button primary is-underline is-large expand\"  >\n  <i class=\"icon-map-pin-fill\" ><\/i>  <span>See how to get there<\/span>\n  <\/a>\n\n\t\t<\/div>\n\t\t\t\t\t<\/div>\n\n\t\n<\/div>","protected":false},"excerpt":{"rendered":"","protected":false},"author":2,"featured_media":0,"parent":0,"menu_order":0,"comment_status":"closed","ping_status":"closed","template":"page-blank.php","meta":{"footnotes":""},"acf":[],"_links":{"self":[{"href":"https:\/\/pettoys.com.br\/en\/wp-json\/wp\/v2\/pages\/191"}],"collection":[{"href":"https:\/\/pettoys.com.br\/en\/wp-json\/wp\/v2\/pages"}],"about":[{"href":"https:\/\/pettoys.com.br\/en\/wp-json\/wp\/v2\/types\/page"}],"author":[{"embeddable":true,"href":"https:\/\/pettoys.com.br\/en\/wp-json\/wp\/v2\/users\/2"}],"replies":[{"embeddable":true,"href":"https:\/\/pettoys.com.br\/en\/wp-json\/wp\/v2\/comments?post=191"}],"version-history":[{"count":11,"href":"https:\/\/pettoys.com.br\/en\/wp-json\/wp\/v2\/pages\/191\/revisions"}],"predecessor-version":[{"id":1277,"href":"https:\/\/pettoys.com.br\/en\/wp-json\/wp\/v2\/pages\/191\/revisions\/1277"}],"wp:attachment":[{"href":"https:\/\/pettoys.com.br\/en\/wp-json\/wp\/v2\/media?parent=191"}],"curies":[{"name":"wp","href":"https:\/\/api.w.org\/{rel}","templated":true}]}}