{"id":2427,"date":"2023-05-02T11:36:37","date_gmt":"2023-05-02T14:36:37","guid":{"rendered":"https:\/\/pettoys.com.br\/?post_type=product&#038;p=2427"},"modified":"2023-06-27T14:04:58","modified_gmt":"2023-06-27T17:04:58","slug":"caixa-transporte-conceito-no1","status":"publish","type":"product","link":"https:\/\/pettoys.com.br\/en\/product\/caixa-transporte-conceito-no1\/","title":{"rendered":"CONCEPT TRANSPORT BOX No. 1"},"content":{"rendered":"<p><span style=\"font-weight: 400;\">Apresentamos um novo conceito de caixa transporte.<br \/>\n<\/span><b>CAIXA TRANSPORTE CONCEITO N1, da Pet Toys<\/b><span style=\"font-weight: 400;\"> \u00e9 resistente a quedas e peso.<br \/>\n<\/span><span style=\"font-weight: 400;\">oferece total prote\u00e7\u00e3o durante o trajeto,\u00a0 f\u00e1cil de montar e desmontar, pode<br \/>\nser usada como cama, \u00e9 leve. Sua transpar\u00eancia permite que voc\u00ea acompanhe<br \/>\ne interaja com o animalzinho, a intera\u00e7\u00e3o acalma seu pet.<br \/>\n<\/span><span style=\"font-weight: 400;\">E para deixar tudo ainda mais encantador, ela tem um design <\/span><span style=\"font-weight: 400;\">incr\u00edvel,<\/span><span style=\"font-weight: 400;\"> e com glitter!<br \/>\n<\/span><span style=\"font-weight: 400;\">Viva essa experi\u00eancia com seu pet.<br \/>\n<\/span><span style=\"font-weight: 400;\">Garanta j\u00e1 a Caixa Transporte conceito N1<br \/>\ne Transporte seu pet com estilo e seguran\u00e7a!\u00a0<\/span><\/p>","protected":false},"excerpt":{"rendered":"<p>PCT C\/5<br \/>\nMedidas: C 44 cm L 31 cm A\u00a0 27,6\u00a0cm<\/p>\n<p>&nbsp;<\/p>","protected":false},"featured_media":2432,"comment_status":"open","ping_status":"closed","template":"","meta":[],"product_cat":[105,211,108,207],"product_tag":[],"acf":[],"_links":{"self":[{"href":"https:\/\/pettoys.com.br\/en\/wp-json\/wp\/v2\/product\/2427"}],"collection":[{"href":"https:\/\/pettoys.com.br\/en\/wp-json\/wp\/v2\/product"}],"about":[{"href":"https:\/\/pettoys.com.br\/en\/wp-json\/wp\/v2\/types\/product"}],"replies":[{"embeddable":true,"href":"https:\/\/pettoys.com.br\/en\/wp-json\/wp\/v2\/comments?post=2427"}],"wp:featuredmedia":[{"embeddable":true,"href":"https:\/\/pettoys.com.br\/en\/wp-json\/wp\/v2\/media\/2432"}],"wp:attachment":[{"href":"https:\/\/pettoys.com.br\/en\/wp-json\/wp\/v2\/media?parent=2427"}],"wp:term":[{"taxonomy":"product_cat","embeddable":true,"href":"https:\/\/pettoys.com.br\/en\/wp-json\/wp\/v2\/product_cat?post=2427"},{"taxonomy":"product_tag","embeddable":true,"href":"https:\/\/pettoys.com.br\/en\/wp-json\/wp\/v2\/product_tag?post=2427"}],"curies":[{"name":"wp","href":"https:\/\/api.w.org\/{rel}","templated":true}]}}