{"id":2523,"date":"2024-02-22T16:36:31","date_gmt":"2024-02-22T19:36:31","guid":{"rendered":"https:\/\/pettoys.com.br\/?post_type=product&#038;p=2523"},"modified":"2024-02-22T16:36:59","modified_gmt":"2024-02-22T19:36:59","slug":"tapetes-higienicos","status":"publish","type":"product","link":"https:\/\/pettoys.com.br\/en\/product\/tapetes-higienicos\/","title":{"rendered":"Tapetes Higi\u00eanicos Slim"},"content":{"rendered":"","protected":false},"excerpt":{"rendered":"<p class=\"cvGsUA direction-ltr align-start para-style-body\"><span class=\"OYPEnA text-decoration-none text-strikethrough-none\">Embalagem com 28 unidades<br \/>\n<\/span><span class=\"OYPEnA text-decoration-none text-strikethrough-none\">Medida aproximada: 60 x 50cm<br \/>\n<\/span><span class=\"OYPEnA text-decoration-none text-strikethrough-none\">\u00c1rea da absor\u00e7\u00e3o: 50 x 40 cm<\/span><\/p>","protected":false},"featured_media":2524,"comment_status":"open","ping_status":"closed","template":"","meta":[],"product_cat":[15,151,211,212,207,108],"product_tag":[],"acf":[],"_links":{"self":[{"href":"https:\/\/pettoys.com.br\/en\/wp-json\/wp\/v2\/product\/2523"}],"collection":[{"href":"https:\/\/pettoys.com.br\/en\/wp-json\/wp\/v2\/product"}],"about":[{"href":"https:\/\/pettoys.com.br\/en\/wp-json\/wp\/v2\/types\/product"}],"replies":[{"embeddable":true,"href":"https:\/\/pettoys.com.br\/en\/wp-json\/wp\/v2\/comments?post=2523"}],"wp:featuredmedia":[{"embeddable":true,"href":"https:\/\/pettoys.com.br\/en\/wp-json\/wp\/v2\/media\/2524"}],"wp:attachment":[{"href":"https:\/\/pettoys.com.br\/en\/wp-json\/wp\/v2\/media?parent=2523"}],"wp:term":[{"taxonomy":"product_cat","embeddable":true,"href":"https:\/\/pettoys.com.br\/en\/wp-json\/wp\/v2\/product_cat?post=2523"},{"taxonomy":"product_tag","embeddable":true,"href":"https:\/\/pettoys.com.br\/en\/wp-json\/wp\/v2\/product_tag?post=2523"}],"curies":[{"name":"wp","href":"https:\/\/api.w.org\/{rel}","templated":true}]}}