{"id":1093,"date":"2022-12-07T07:45:10","date_gmt":"2022-12-07T10:45:10","guid":{"rendered":"https:\/\/pettoys.com.br\/?page_id=1093"},"modified":"2022-12-12T17:11:38","modified_gmt":"2022-12-12T20:11:38","slug":"trabalhe-conosco","status":"publish","type":"page","link":"https:\/\/pettoys.com.br\/es\/trabalhe-conosco\/","title":{"rendered":"Trabaja con nosotros"},"content":{"rendered":"<div id=\"page-header-427956731\" class=\"page-header-wrapper\">\n  <div class=\"page-title dark featured-title\">\n\n        <div class=\"page-title-bg\">\n      <div class=\"title-bg fill bg-fill\"\n        data-parallax-container=\".page-title\"\n        data-parallax-background\n data-parallax=\"-\">\n      <\/div>\n      <div class=\"title-overlay fill\"><\/div>\n    <\/div>\n    \n    <div class=\"page-title-inner container align-center flex-row medium-flex-wrap\" >\n              <div class=\"title-wrapper flex-col text-left medium-text-center\">\n          <h1 class=\"entry-title mb-0\">\n            Trabaja con nosotros          <\/h1>\n        <\/div>\n                    <div class=\"title-content flex-col flex-right text-right medium-text-center\">\n              <\/div>\n    <\/div>\n\n     \n<style>\n#page-header-427956731 .page-title-inner {\n  min-height: 170px;\n}\n#page-header-427956731 .title-bg {\n  background-image: url(https:\/\/pettoys.com.br\/wp-content\/uploads\/2022\/12\/trabalhe.jpg);\n}\n#page-header-427956731 .featured-title {\n  background-color: rgb(255, 253, 253);\n}\n<\/style>\n  <\/div>\n    <\/div>\n  \n<div class=\"row\"  id=\"row-406884426\">\n\n\t<div id=\"col-820061007\" class=\"col medium-6 small-12 large-6\"  >\n\t\t\t\t<div class=\"col-inner\"  >\n\t\t\t\n\t\t\t\n\t<div id=\"gap-96991469\" class=\"gap-element clearfix\" style=\"display:block; height:auto;\">\n\t\t\n<style>\n#gap-96991469 {\n  padding-top: 30px;\n}\n<\/style>\n\t<\/div>\n\t\n<h1 class=\"product-title entry-title\">Completa el formulario<\/h1>\n<p>Recuerda que al rellenar este formulario ser\u00e1 nuestro primer contacto contigo, por lo que describe en la medida de lo posible tu trayectoria profesional y experiencias y adjunta un curr\u00edculum vitae. As\u00ed habr\u00e1s dado el primer paso hacia un sinf\u00edn de posibilidades con nosotros.<\/p>\n<div id=\"quform-ae117d\" class=\"quform quform-3 quform-theme-light quform-support-page-caching\"><form id=\"quform-form-ae117d\" class=\"quform-form quform-form-3\" action=\"\/es\/wp-json\/wp\/v2\/pages\/1093#quform-ae117d\" method=\"post\" enctype=\"multipart\/form-data\" novalidate=\"novalidate\" data-options=\"{&quot;id&quot;:3,&quot;uniqueId&quot;:&quot;ae117d&quot;,&quot;theme&quot;:&quot;light&quot;,&quot;ajax&quot;:true,&quot;logic&quot;:{&quot;logic&quot;:[],&quot;dependents&quot;:[],&quot;elementIds&quot;:[],&quot;dependentElementIds&quot;:[],&quot;animate&quot;:true},&quot;currentPageId&quot;:1,&quot;errorsIcon&quot;:&quot;&quot;,&quot;updateFancybox&quot;:true,&quot;hasPages&quot;:false,&quot;pages&quot;:[1],&quot;pageProgressType&quot;:&quot;numbers&quot;,&quot;tooltipsEnabled&quot;:true,&quot;tooltipClasses&quot;:&quot;qtip-quform-dark qtip-shadow&quot;,&quot;tooltipMy&quot;:&quot;left center&quot;,&quot;tooltipAt&quot;:&quot;right center&quot;,&quot;isRtl&quot;:false,&quot;scrollOffset&quot;:-50,&quot;scrollSpeed&quot;:800}\" data-trp-original-action=\"\/es\/wp-json\/wp\/v2\/pages\/1093#quform-ae117d\"><button class=\"quform-default-submit\" name=\"quform_submit\" type=\"submit\" value=\"submit\" aria-hidden=\"true\" tabindex=\"-1\"><\/button><div class=\"quform-form-inner quform-form-inner-3\"><input type=\"hidden\" name=\"quform_form_id\" value=\"3\" \/><input type=\"hidden\" name=\"quform_form_uid\" value=\"ae117d\" \/><input type=\"hidden\" name=\"quform_count\" value=\"1\" \/><input type=\"hidden\" name=\"form_url\" value=\"https:\/\/pettoys.com.br\/es\/wp-json\/wp\/v2\/pages\/1093\" \/><input type=\"hidden\" name=\"referring_url\" value=\"\" \/><input type=\"hidden\" name=\"post_id\" value=\"\" \/><input type=\"hidden\" name=\"post_title\" value=\"\" \/><input type=\"hidden\" name=\"quform_current_page_id\" value=\"1\" \/><input type=\"hidden\" name=\"quform_csrf_token\" value=\"oGofjbhtu4obnwOA4S8O0dZ9YWofrZCVQ3uOUI4h\" \/><div class=\"quform-elements quform-elements-3 quform-cf quform-responsive-elements-phone-landscape\"><div class=\"quform-element quform-element-page quform-page-1 quform-page-3_1 quform-cf quform-group-style-plain quform-first-page quform-last-page quform-current-page\"><div class=\"quform-child-elements\"><div class=\"quform-element quform-element-text quform-element-3_12 quform-cf quform-labels-inside quform-element-required\"><div class=\"quform-spacer\"><div class=\"quform-label quform-label-3_12\"><span class=\"quform-label-icon\"><i class=\"fa fa-user\"><\/i><\/span><label class=\"quform-label-text\" for=\"quform_3_12_ae117d\">Nombre completo<span class=\"quform-required\">*<\/span><\/label><\/div><div class=\"quform-inner quform-inner-text quform-inner-3_12\"><div class=\"quform-input quform-input-text quform-input-3_12 quform-cf\"><input type=\"text\" id=\"quform_3_12_ae117d\" name=\"quform_3_12\" class=\"quform-field quform-field-text quform-field-3_12\" \/><\/div><\/div><\/div><\/div><div class=\"quform-element quform-element-email quform-element-3_4 quform-cf quform-labels-inside quform-element-required\"><div class=\"quform-spacer\"><div class=\"quform-label quform-label-3_4\"><span class=\"quform-label-icon\"><i class=\"fa fa-envelope-o\"><\/i><\/span><label class=\"quform-label-text\" for=\"quform_3_4_ae117d\">Direcci\u00f3n de correo electr\u00f3nico<span class=\"quform-required\">*<\/span><\/label><\/div><div class=\"quform-inner quform-inner-email quform-inner-3_4\"><div class=\"quform-input quform-input-email quform-input-3_4 quform-cf\"><input type=\"email\" id=\"quform_3_4_ae117d\" name=\"quform_3_4\" class=\"quform-field quform-field-email quform-field-3_4\" \/><\/div><\/div><\/div><\/div><div class=\"quform-element quform-element-text quform-element-3_6 quform-cf quform-labels-inside quform-element-required\"><div class=\"quform-spacer\"><div class=\"quform-label quform-label-3_6\"><span class=\"quform-label-icon\"><i class=\"fa fa-whatsapp\"><\/i><\/span><label class=\"quform-label-text\" for=\"quform_3_6_ae117d\">Tel\u00e9fono \/ WhatsApp<span class=\"quform-required\">*<\/span><\/label><\/div><div class=\"quform-inner quform-inner-text quform-inner-3_6\"><div class=\"quform-input quform-input-text quform-input-3_6 quform-cf\"><input type=\"text\" id=\"quform_3_6_ae117d\" name=\"quform_3_6\" class=\"quform-field quform-field-text quform-field-3_6\" \/><\/div><\/div><\/div><\/div><div class=\"quform-element quform-element-textarea quform-element-3_7 quform-cf quform-labels-inside quform-element-optional\"><div class=\"quform-spacer\"><div class=\"quform-label quform-label-3_7\"><label class=\"quform-label-text\" for=\"quform_3_7_ae117d\">Cu\u00e9ntanos un poco sobre ti (puesto vacante, experiencias, d\u00e9janos conocerte mejor).<\/label><\/div><div class=\"quform-inner quform-inner-textarea quform-inner-3_7\"><div class=\"quform-input quform-input-textarea quform-input-3_7 quform-cf\"><textarea id=\"quform_3_7_ae117d\" name=\"quform_3_7\" class=\"quform-field quform-field-textarea quform-field-3_7\"><\/textarea><\/div><\/div><\/div><\/div><div class=\"quform-element quform-element-html quform-element-3_8 quform-cf\"><div class=\"quform-spacer\"><strong>\u00bfEst\u00e1 trabajando actualmente?<\/strong>\n\n<\/div><\/div><div class=\"quform-element quform-element-radio quform-element-3_14 quform-cf quform-element-optional\"><div class=\"quform-spacer\"><div class=\"quform-inner quform-inner-radio quform-inner-3_14\"><div class=\"quform-input quform-input-radio quform-input-3_14 quform-cf\"><div class=\"quform-options quform-cf quform-options-columns quform-2-columns quform-responsive-columns-phone-landscape quform-options-style-button quform-button-icon-left\"><div class=\"quform-option\"><input type=\"radio\" name=\"quform_3_14\" id=\"quform_3_14_ae117d_1\" class=\"quform-field quform-field-radio quform-field-3_14 quform-field-3_14_1\" value=\"Sim\" \/><label for=\"quform_3_14_ae117d_1\" class=\"quform-option-label quform-option-label-3_14_1\"><span class=\"quform-option-text\">S\u00ed<\/span><\/label><\/div><div class=\"quform-option\"><input type=\"radio\" name=\"quform_3_14\" id=\"quform_3_14_ae117d_2\" class=\"quform-field quform-field-radio quform-field-3_14 quform-field-3_14_2\" value=\"N\u00e3o\" \/><label for=\"quform_3_14_ae117d_2\" class=\"quform-option-label quform-option-label-3_14_2\"><span class=\"quform-option-text\">No<\/span><\/label><\/div><\/div><\/div><\/div><\/div><\/div><div class=\"quform-element quform-element-html quform-element-3_16 quform-cf\"><div class=\"quform-spacer\"><strong>Adjunta tu Curriculum Vitae (formato pdf o doc)<\/strong>\n\n<\/div><\/div><div class=\"quform-element quform-element-file quform-element-3_15 quform-cf quform-element-optional\"><div class=\"quform-spacer\"><div class=\"quform-label quform-label-3_15\"><label class=\"quform-label-text\" for=\"quform_3_15_ae117d\">Subir archivo<\/label><\/div><div class=\"quform-inner quform-inner-file quform-inner-3_15\"><div class=\"quform-input quform-input-file quform-input-3_15 quform-cf quform-button-style-theme\"><input type=\"file\" id=\"quform_3_15_ae117d\" name=\"quform_3_15[]\" class=\"quform-field quform-field-file quform-field-3_15 quform-field-file-enhanced\" data-config=\"{&quot;id&quot;:15,&quot;identifier&quot;:&quot;3_15&quot;,&quot;name&quot;:&quot;quform_3_15&quot;,&quot;max&quot;:1,&quot;size&quot;:10485760,&quot;allowedExtensions&quot;:[&quot;pdf&quot;,&quot;doc&quot;,&quot;docx&quot;],&quot;notAllowedTypeWithFilename&quot;:&quot;Tipo de arquivo inv\\u00e1lido (envie PDF, DOC ou DOCX)&quot;,&quot;tooBigWithFilename&quot;:&quot;Tamanho permitido de at\\u00e9 10MB&quot;,&quot;tooMany&quot;:&quot;You cannot upload more than %max% file(s)&quot;,&quot;buttonType&quot;:&quot;button&quot;,&quot;buttonText&quot;:&quot;Browse...&quot;,&quot;buttonIcon&quot;:&quot;qicon-file_upload&quot;,&quot;buttonIconPosition&quot;:&quot;right&quot;}\" \/><\/div><\/div><\/div><\/div><div class=\"quform-element quform-element-captcha quform-element-3_11 quform-cf quform-labels-inside quform-element-required\"><div class=\"quform-spacer\"><div class=\"quform-label quform-label-3_11\"><label class=\"quform-label-text\" for=\"quform_3_11_ae117d\">Por favor ingrese los caracteres<span class=\"quform-required\">*<\/span><\/label><\/div><div class=\"quform-inner quform-inner-captcha quform-inner-3_11\"><div class=\"quform-input quform-input-captcha quform-input-3_11 quform-cf\"><input type=\"text\" id=\"quform_3_11_ae117d\" name=\"quform_3_11\" class=\"quform-field quform-field-captcha quform-field-3_11\" \/><\/div><div class=\"quform-captcha quform-cf\"><div class=\"quform-captcha-image quform-captcha-image-3_11\"><img loading=\"lazy\" decoding=\"async\" class=\"quform-captcha-image-img\" src=\"data:image\/png;base64,iVBORw0KGgoAAAANSUhEUgAAAOYAAABQBAMAAAD\/1xTgAAAAG1BMVEX\/\/\/8iIiLHx8dZWVk9PT2srKzj4+OQkJB0dHSSWTIxAAAACXBIWXMAAA7EAAAOxAGVKw4bAAADoUlEQVRoge1YzVPaQBSPq0k4+krEHKEfQ4\/NSDs9NpXWHht06jUoKEdTtXoU7LT+2X272WSThd3wkXra3wwQls3+3vd7wbIMDAwMDAwMEM7L+LkpjwHg\/fNSJkDxocYTnbhiwzmjhGZtjN0ewLe2VqYQwDtAUu2u5eHcpCrEmj0jgP3Y6gBc1cMZpWaDz5o9UyYS+vR7LZTcU2g79R4H4B2TTrNnFYQZp8ZuDYAYP9x+PXG7TV05iMdI\/Um5aQt8fB\/f3ca1cEY8enYAXig3dWDPIr+p\/WvxJ+r3QD9dwHPVgrWcaer0eHNKJ4sdV6dnArsj7vSvm3MSTDx2gbZtKXdNoYX2OHwM16xEpFf0Cerps8+A21jB6QHMLMsO18vQnbINgZ1CEm1+Ul+yu0Zpoq6KTjlW8Djv6VHy1N0gLt2TZJWW6DygxrCs5zAvCaLKYzz5ZNAWmyLuARrm6khTwy7XGzvnhGa7sIae+1MUjFNNNRmlguv9lFZeCdL9bO00YN\/b1\/1UeRHU63Bu5VbKwSaAwx59f8jW0JgHIfSzFtco6Lm6bfFuVq4F0Hngty3rLRQqUYJTiCuKQJ7F6M81YsiWcwLV9JkUrwvpEtCrAPYuTlKzhLwW2KVccX8tx0mE1\/j3LM1JYfQIfSZNm7JRgSK+aVSaThI4ipfhbEjG2RYWDUSRYYJNgbFREt517LBU+yJdXyhgR2qTHdE3k7xtO+ysoMnOjdkC1r6Lbliu8QSjuLtETx1KZTUS84G4JEwrbuDstwW9zKZ12K8kTaRxsTBXiUubOsBhBg48LkWKssANtlaZPQHIMuR6BnkaubBLaaiBQ+7ACTt+Vr55KxWkrMU85AYY5f60Ra406JrNFMhLyGWv\/1HuYzgI3t7oBikGIkfaMI+9TnblPN1QG7rCwCoENKSiKuPKqcLmPib+JWT5TguQd3U2ofLPyViEQ2+dBFWccqqw4Gj+iM+ORVCyeNnD15d2Gk0qsJqGztnVc8qpks4AHJm84\/se4wT\/5EB34DY1\/Eg7rkxm86mSGnc+90h8TQcu2tOONApQI5zqqm7ozaeKVVBUfnYY388SbSpElcMRugm9Pj8rkvSJxVskrtN9DNWzWVA5BBLkO18UhgTN6P2NVfepfhg4citegJBWx3VGxYVo4GnVA\/ZorkZvxgnaesFxXJzlNgb9S2CJnl3598hK6Ia6543\/BHwkrek\/jVXw5vkpDQwMDAwMDAwMVPgH2QmPZcQlBgMAAAAASUVORK5CYII=\" alt=\"CAPTCHA image\" data-element-id=\"11\" width=\"115\" height=\"40\" \/><\/div><\/div><p class=\"quform-description quform-description-below\">Esto nos ayuda a evitar el spam, gracias.<\/p><\/div><\/div><\/div><div class=\"quform-element quform-element-submit quform-element-3_2 quform-cf quform-button-style-theme quform-button-size-fat quform-button-width-full\"><div class=\"quform-button-submit quform-button-submit-default quform-button-submit-3_2 quform-button-icon-right\"><button name=\"quform_submit\" type=\"submit\" class=\"quform-submit\" value=\"submit\"><span class=\"quform-button-text quform-button-submit-text\">C\u00edrculo de registro<\/span><span class=\"quform-button-icon quform-button-submit-icon\"><i class=\"fa fa-heart\"><\/i><\/span><\/button><\/div><div class=\"quform-loading quform-loading-position-left quform-loading-type-spinner-3\"><div class=\"quform-loading-inner\"><div class=\"quform-loading-spinner\"><div class=\"quform-loading-spinner-inner\"><\/div><\/div><\/div><\/div><\/div><div class=\"quform-element-tree\"><label for=\"quform_3_0_ae117d\">This field should be left blank<\/label><input type=\"text\" id=\"quform_3_0_ae117d\" name=\"quform_3_0\" class=\"quform-field quform-field-tree quform-field-3_0\" tabindex=\"-1\" autocomplete=\"off\" \/><\/div><\/div><\/div><\/div><div class=\"quform-upload-progress-wrap\"><div class=\"quform-upload-progress-bar-wrap\"><div class=\"quform-upload-progress-bar\"><\/div><\/div><div class=\"quform-upload-info quform-cf\"><div class=\"quform-upload-filename\"><\/div><\/div><\/div><\/div><input type=\"hidden\" name=\"trp-form-language\" value=\"es\"\/><\/form><\/div>\n\t\t<\/div>\n\t\t\t\t\t<\/div>\n\n\t\n\n\t<div id=\"col-382547329\" class=\"col medium-6 small-12 large-6\"  >\n\t\t\t\t<div class=\"col-inner\"  >\n\t\t\t\n\t\t\t\n\t<div id=\"gap-188734292\" class=\"gap-element clearfix\" style=\"display:block; height:auto;\">\n\t\t\n<style>\n#gap-188734292 {\n  padding-top: 30px;\n}\n<\/style>\n\t<\/div>\n\t\n\t<div class=\"img has-hover x md-x lg-x y md-y lg-y\" id=\"image_654057437\">\n\t\t\t\t\t\t\t\t<div class=\"img-inner dark\" >\n\t\t\t<img loading=\"lazy\" decoding=\"async\" width=\"1580\" height=\"755\" src=\"https:\/\/pettoys.com.br\/wp-content\/uploads\/2022\/12\/carreirasneo.jpg\" class=\"attachment-original size-original wvs-attachment-image\" alt=\"\" srcset=\"https:\/\/pettoys.com.br\/wp-content\/uploads\/2022\/12\/carreirasneo.jpg 1580w, https:\/\/pettoys.com.br\/wp-content\/uploads\/2022\/12\/carreirasneo-300x143.jpg 300w, https:\/\/pettoys.com.br\/wp-content\/uploads\/2022\/12\/carreirasneo-1024x489.jpg 1024w, https:\/\/pettoys.com.br\/wp-content\/uploads\/2022\/12\/carreirasneo-768x367.jpg 768w, https:\/\/pettoys.com.br\/wp-content\/uploads\/2022\/12\/carreirasneo-1536x734.jpg 1536w\" sizes=\"(max-width: 1580px) 100vw, 1580px\" \/>\t\t\t\t\t\t\n\t\t\t\t\t<\/div>\n\t\t\t\t\t\t\t\t\n<style>\n#image_654057437 {\n  width: 100%;\n}\n<\/style>\n\t<\/div>\n\t\n<h1 class=\"product-title entry-title\">Pasi\u00f3n por lo que hacemos<\/h1>\n<p>En Dolcelina buscamos personas interesadas, proactivas en aprender y, sobre todo, que quieran contribuir a esta constante evoluci\u00f3n.<\/p>\n<p>Buscamos personas con mucho empuje, brillo en la mirada, que les guste comunicar y con muy buen humor!<\/p>\n<p>Si tienes un enfoque proactivo para la resoluci\u00f3n de problemas, visi\u00f3n colaborativa, inter\u00e9s en una empresa que crece cada a\u00f1o y adem\u00e1s disfrutas trabajar en grupo, \u00a1Dolcelina es para ti!<\/p>\n<p>\u00a0<\/p>\n\t\t<\/div>\n\t\t\t\t\t<\/div>\n\n\t\n<\/div>","protected":false},"excerpt":{"rendered":"","protected":false},"author":2,"featured_media":0,"parent":0,"menu_order":0,"comment_status":"closed","ping_status":"closed","template":"page-blank.php","meta":{"footnotes":""},"acf":[],"_links":{"self":[{"href":"https:\/\/pettoys.com.br\/es\/wp-json\/wp\/v2\/pages\/1093"}],"collection":[{"href":"https:\/\/pettoys.com.br\/es\/wp-json\/wp\/v2\/pages"}],"about":[{"href":"https:\/\/pettoys.com.br\/es\/wp-json\/wp\/v2\/types\/page"}],"author":[{"embeddable":true,"href":"https:\/\/pettoys.com.br\/es\/wp-json\/wp\/v2\/users\/2"}],"replies":[{"embeddable":true,"href":"https:\/\/pettoys.com.br\/es\/wp-json\/wp\/v2\/comments?post=1093"}],"version-history":[{"count":12,"href":"https:\/\/pettoys.com.br\/es\/wp-json\/wp\/v2\/pages\/1093\/revisions"}],"predecessor-version":[{"id":1250,"href":"https:\/\/pettoys.com.br\/es\/wp-json\/wp\/v2\/pages\/1093\/revisions\/1250"}],"wp:attachment":[{"href":"https:\/\/pettoys.com.br\/es\/wp-json\/wp\/v2\/media?parent=1093"}],"curies":[{"name":"wp","href":"https:\/\/api.w.org\/{rel}","templated":true}]}}