{"id":146,"date":"2020-08-14T17:52:48","date_gmt":"2020-08-14T20:52:48","guid":{"rendered":"https:\/\/pettoys.com.br\/?page_id=146"},"modified":"2020-10-29T23:32:50","modified_gmt":"2020-10-30T02:32:50","slug":"como-comprar","status":"publish","type":"page","link":"https:\/\/pettoys.com.br\/es\/como-comprar\/","title":{"rendered":"Como Comprar"},"content":{"rendered":"<div class=\"row\"  id=\"row-1097572318\">\n\n\t<div id=\"col-14788785\" class=\"col small-12 large-12\"  >\n\t\t\t\t<div class=\"col-inner\"  >\n\t\t\t\n\t\t\t\n\t<div id=\"gap-1367690056\" class=\"gap-element clearfix\" style=\"display:block; height:auto;\">\n\t\t\n<style>\n#gap-1367690056 {\n  padding-top: 30px;\n}\n<\/style>\n\t<\/div>\n\t\n<h1 class=\"product-title entry-title\">COMO COMPRAR<\/h1>\n<p>Comprar em <strong>Juguetes para mascotas <\/strong>\u00e9 muito mais simples do que se pode imaginar!<\/p>\n<p>Seguindo os passos abaixo voc\u00ea notar\u00e1 que tudo foi pensado para facilitar a sua escolha, dando-lhe tantas alternativas, que sempre ser\u00e1 poss\u00edvel encontrar aquilo que voc\u00ea procura. Mas, se voc\u00ea preferir tirar alguma d\u00favida <strong><a href=\"https:\/\/pettoys.com.br\/es\/fale-conosco\/\">clicando aqui.<\/a><br \/><\/strong><\/p>\n<h2><strong><i class=\"fas fa-check-square ccomprar\"><\/i> Como localizar um produto <\/strong><\/h2>\n<p>A qualquer momento de sua navega\u00e7\u00e3o pela loja, voc\u00ea encontrar\u00e1 facilmente as mercadorias que est\u00e1 procurando, pelos recursos disponibilizados na loja, a localiza\u00e7\u00e3o via Menu ou via Busca.<\/p>\n<h2><strong><i class=\"fas fa-check-square ccomprar\"><\/i> Localizando via Menu<\/strong><\/h2>\n<p>Constar\u00e1 no menu no topo ou ao lado esquerdo a rela\u00e7\u00e3o de categorias que dispomos, clicando em qualquer uma delas ser\u00e3o listados os produtos relacionados a categoria selecionada.<\/p>\n<h2><strong><i class=\"fas fa-check-square ccomprar\"><\/i> Localizando via Busca <\/strong><\/h2>\n<p>Outra maneira \u00e9 utilizando-se da facilidade da busca, cujo formul\u00e1rio pode ser localizado na home da nossa Loja e descrito como \u201cOl\u00e1! O que voc\u00ea precisa hoje?\u201d. Voc\u00ea dever\u00e1 digitar uma palavra que identifique aquilo que est\u00e1 buscando e o sistema localizar\u00e1 o item, favor digitar no m\u00ednimo 3 caracteres.<\/p>\n<h2><strong><i class=\"fas fa-check-square ccomprar\"><\/i> Como comprar na Loja <\/strong><\/h2>\n<p>O crit\u00e9rio utilizado na loja \u00e9 o do fundamento do carrinho de compras, m\u00e9todo interativo e mais adequado \u00e0 sua comodidade. Desta maneira voc\u00ea poder\u00e1 ter sempre o controle sobre os produtos j\u00e1 lan\u00e7ados, impedindo-o de cometer um erro de avalia\u00e7\u00e3o no momento da escolha dos produtos pretendidos.<\/p>\n<h2><strong><i class=\"fas fa-check-square ccomprar\"><\/i> Colocando os produtos no Carrinho <\/strong><\/h2>\n<p>Ap\u00f3s encontrar o produto desejado, clique no bot\u00e3o comprar. Esse bot\u00e3o encontra-se pr\u00f3ximo ao produto desejado. Clicando no bot\u00e3o Comprar, ser\u00e1 visualizada uma mensagem informando que o produto escolhido foi adicionado no carrinho e voc\u00ea ter\u00e1 a op\u00e7\u00e3o de Continuar Comprando ou Finalizar o Pedido.<\/p>\n<h2><strong><i class=\"fas fa-check-square ccomprar\"><\/i> Finalizar o pedido <\/strong><\/h2>\n<p>Ao clicar em Finalizar Pedido, voc\u00ea ser\u00e1 redirecionado para uma nova tela demonstrando a listagem de produtos adicionados, onde voc\u00ea ter\u00e1 a op\u00e7\u00e3o de editar sua compra caso seja necess\u00e1rio (Alterar quantidade, deletar algum item, etc&#8230;). Nesta p\u00e1gina voc\u00ea dever\u00e1 informar um CEP v\u00e1lido para o c\u00e1lculo do frete e escolher a forma de entrega. Ap\u00f3s este procedimento clique no bot\u00e3o FECHAR PEDIDO.<\/p>\n<h2><strong><i class=\"fas fa-check-square ccomprar\"><\/i> Continuar comprando<\/strong><\/h2>\n<p>Caso queira continuar comprando voc\u00ea ser\u00e1 mantido na mesma p\u00e1gina. Ap\u00f3s inserir os produtos necess\u00e1rios no carrinho e desejar finalizar a compra, \u00e9 preciso localizar o carrinho de compras da loja que pode estar no cabe\u00e7alho ou nas laterais da sua loja.<\/p>\n<p>Ao clicar no carrinho voc\u00ea ser\u00e1 redirecionado para uma nova tela demonstrando a listagem dos produtos adicionados, onde voc\u00ea poder\u00e1 verificar a quantidade e pre\u00e7os individuais de cada produto, calcular o frete e ainda alterar a quantidade de algum item. Voc\u00ea poder\u00e1 tamb\u00e9m excluir um produto caso queira.<\/p>\n<h2><strong><i class=\"fas fa-check-square ccomprar\"><\/i> Autentica\u00e7\u00e3o do Usu\u00e1rio<\/strong><\/h2>\n<p>Nesta p\u00e1gina voc\u00ea dever\u00e1 informar um e-mail v\u00e1lido e clicar em continuar para finalizar a sua compra.<\/p>\n<h2><strong><i class=\"fas fa-check-square ccomprar\"><\/i> Finaliza\u00e7\u00e3o de Compra<\/strong><\/h2>\n<p>Ap\u00f3s inserir o seu e-mail e clicar em continuar, voc\u00ea ser\u00e1 redirecionado para a tela de finaliza\u00e7\u00e3o de compra. Nessa tela voc\u00ea vai informar os seus dados pessoais, ap\u00f3s voc\u00ea precisa confirmar os seus dados de entrega ou alterar caso necess\u00e1rio, ap\u00f3s preencher esses dados clique no bot\u00e3o IR PARA O PAGAMENTO.<br \/>Informe a forma de pagamento que deseja para finalizar a compra e clique no bot\u00e3o FINALIZAR PEDIDO.<\/p>\n<h2><strong><i class=\"fas fa-check-square ccomprar\"><\/i> Confirma\u00e7\u00e3o do Pedido<\/strong><\/h2>\n<p>Ap\u00f3s finalizar o seu pedido voc\u00ea ser\u00e1 redirecionado para a tela de Pedido Confirmado, nessa tela ser\u00e1 exibida as informa\u00e7\u00f5es do pedido como forma de entrega, forma de pagamento, resumo dos itens do pedido etc&#8230;<\/p>\n<p>Nesse momento o pedido ser\u00e1 colocado no nosso sistema, estando sujeito \u00e0 confirma\u00e7\u00e3o do pagamento. O usu\u00e1rio declara conhecer e aceitar que os seus dados pessoais e a sua intera\u00e7\u00e3o como comprador em nosso site sejam usados rotineiramente para a verifica\u00e7\u00e3o e aprova\u00e7\u00e3o de seu cr\u00e9dito em cada oportunidade de compra, estando nossa empresa livre para verificar a veracidade de todos os dados do comprador e condi\u00e7\u00f5es de cr\u00e9dito.<\/p>\n\t\t<\/div>\n\t\t\t\t\t<\/div>\n\n\t\n<\/div>","protected":false},"excerpt":{"rendered":"","protected":false},"author":2,"featured_media":0,"parent":0,"menu_order":0,"comment_status":"closed","ping_status":"closed","template":"page-blank.php","meta":{"footnotes":""},"acf":[],"_links":{"self":[{"href":"https:\/\/pettoys.com.br\/es\/wp-json\/wp\/v2\/pages\/146"}],"collection":[{"href":"https:\/\/pettoys.com.br\/es\/wp-json\/wp\/v2\/pages"}],"about":[{"href":"https:\/\/pettoys.com.br\/es\/wp-json\/wp\/v2\/types\/page"}],"author":[{"embeddable":true,"href":"https:\/\/pettoys.com.br\/es\/wp-json\/wp\/v2\/users\/2"}],"replies":[{"embeddable":true,"href":"https:\/\/pettoys.com.br\/es\/wp-json\/wp\/v2\/comments?post=146"}],"version-history":[{"count":11,"href":"https:\/\/pettoys.com.br\/es\/wp-json\/wp\/v2\/pages\/146\/revisions"}],"predecessor-version":[{"id":469,"href":"https:\/\/pettoys.com.br\/es\/wp-json\/wp\/v2\/pages\/146\/revisions\/469"}],"wp:attachment":[{"href":"https:\/\/pettoys.com.br\/es\/wp-json\/wp\/v2\/media?parent=146"}],"curies":[{"name":"wp","href":"https:\/\/api.w.org\/{rel}","templated":true}]}}