{"id":161,"date":"2020-08-14T18:14:00","date_gmt":"2020-08-14T21:14:00","guid":{"rendered":"https:\/\/pettoys.com.br\/?page_id=161"},"modified":"2020-10-16T10:17:45","modified_gmt":"2020-10-16T13:17:45","slug":"politica-de-privacidade","status":"publish","type":"page","link":"https:\/\/pettoys.com.br\/es\/politica-de-privacidade\/","title":{"rendered":"Pol\u00edtica de privacidad"},"content":{"rendered":"<div class=\"row\"  id=\"row-1271040801\">\n\n\t<div id=\"col-1516111441\" class=\"col small-12 large-12\"  >\n\t\t\t\t<div class=\"col-inner\"  >\n\t\t\t\n\t\t\t\n\t<div id=\"gap-1016699302\" class=\"gap-element clearfix\" style=\"display:block; height:auto;\">\n\t\t\n<style>\n#gap-1016699302 {\n  padding-top: 30px;\n}\n<\/style>\n\t<\/div>\n\t\n<h1 class=\"product-title entry-title\">POL\u00cdTICA DE PRIVACIDADE<\/h1>\n<p><b>Juguetes para mascotas<\/b> tem uma grande preocupa\u00e7\u00e3o com a seguran\u00e7a de seus dados. Nosso compromisso \u00e9 assegurar a privacidade de cada cliente. O sigilo de suas informa\u00e7\u00f5es \u00e9 muito importante. Desta forma, utilizamos neste site o Certificado de Seguran\u00e7a de alto n\u00edvel.<\/p>\n<p>O processo de seguran\u00e7a para a transfer\u00eancia de suas informa\u00e7\u00f5es, consiste na criptografia de seus dados. Eles s\u00e3o transmitidos e s\u00f3 podem ser decodificados no servidor de Internet da <b>Juguetes para mascotas<\/b>. Isto garante a seguran\u00e7a na transmiss\u00e3o dos dados durante o processo de compra. O cadeado fechado (que aparece no topo da p\u00e1gina enquanto voc\u00ea faz o pedido) \u00e9 o s\u00edmbolo desta tecnologia de criptografia. Clicando nesta figura, voc\u00ea poder\u00e1 verificar a validade do Certificado de Seguran\u00e7a da <b>Juguetes para mascotas<\/b>.<\/p>\n<p>Para a identifica\u00e7\u00e3o dos clientes <b>Juguetes para mascotas<\/b>, s\u00e3o utilizados o usu\u00e1rio de cliente <b>Juguetes para mascotas<\/b> (obtido na primeira compra) em conjunto com o e-mail ou CPF. O cadastro s\u00f3 ser\u00e1 preenchido na primeira compra. Nas pr\u00f3ximas compras, basta informar seu usu\u00e1rio e seu e-mail ou CPF. Por isso, \u00e9 muito importante que voc\u00ea n\u00e3o forne\u00e7a seus dados a ningu\u00e9m.<\/p>\n<p>Fa\u00e7a seu pedido tranquilamente. <b>Juguetes para mascotas<\/b> garante sua privacidade.<\/p>\n<p><strong>Pol\u00edtica de Privacidade<\/strong><\/p>\n<p>A pol\u00edtica de privacidade estabelece os termos e condi\u00e7\u00f5es em que suas informa\u00e7\u00f5es\/dados pessoais poder\u00e3o ser utilizadas. A <b>Juguetes para mascotas<\/b> tem o compromisso de proteger sua privacidade. Por isso, todas as suas informa\u00e7\u00f5es s\u00e3o protegidas por senha. Para a sua seguran\u00e7a e privacidade, mantenha sua senha em sigilo.<\/p>\n<p>Por\u00e9m, a <b>Juguetes para mascotas<\/b> poder\u00e1, caso seja necess\u00e1rio, modificar a presente pol\u00edtica para adapt\u00e1-la \u00e0s altera\u00e7\u00f5es legislativas ou jurisprudenciais, ou aquelas relativas \u00e0s pr\u00e1ticas comerciais. Em qualquer caso, as mudan\u00e7as introduzidas ser\u00e3o publicadas por meio desta p\u00e1gina, com uma anteced\u00eancia razo\u00e1vel \u00e0 sua coloca\u00e7\u00e3o em pr\u00e1tica. Sendo assim, mantenha-se em dia com estes procedimentos, verificando as mudan\u00e7as ocorridas por meio desta p\u00e1gina.<\/p>\n<p><strong>Dados Pessoais<\/strong><\/p>\n<p>A express\u00e3o \u201cdados pessoais\u201d significa informa\u00e7\u00f5es tais como: nome; endere\u00e7o; endere\u00e7o de e-mail; provedor de servi\u00e7os de internet; telefone; entre outras informa\u00e7\u00f5es pessoais que possam ser fornecidas por voc\u00ea ou coletadas sobre voc\u00ea, de acordo com a legisla\u00e7\u00e3o local aplic\u00e1vel. Os dados pessoais solicitados pela <b>Juguetes para mascotas<\/b> ser\u00e3o objeto de tratamento automatizado, sendo incorporados aos correspondentes registros eletr\u00f4nicos de dados pessoais, dos quais a <b>Juguetes para mascotas<\/b> ser\u00e1 titular e respons\u00e1vel. Esses dados s\u00e3o necess\u00e1rios para a realiza\u00e7\u00e3o de um pedido de compras, para a participa\u00e7\u00e3o em promo\u00e7\u00f5es ou qualquer outra a\u00e7\u00e3o de Marketing oferecida pelo site <b>Juguetes para mascotas<\/b>.<\/p>\n<p>Ao se cadastrar o Cliente e ou Usu\u00e1rio aceita automaticamente a pol\u00edtica de privacidade da <b>Juguetes para mascotas<\/b> e se responsabiliza pela veracidade dos seus dados pessoais fornecidos.<\/p>\n<p>O registro e a utiliza\u00e7\u00e3o eletr\u00f4nica dos dados pessoais pela <b>Juguetes para mascotas<\/b> t\u00eam como finalidade personalizar sua experi\u00eancia como usu\u00e1rio, verificar sua satisfa\u00e7\u00e3o com produtos e\/ou servi\u00e7os, ou contat\u00e1-lo por e-mail, carta, SMS ou telefone, ou, nos termos da legisla\u00e7\u00e3o local, utilizar tais meios para inform\u00e1-lo sobre novos produtos, servi\u00e7os ou promo\u00e7\u00f5es que possa vir a oferecer, direta ou indiretamente. Por isso, mantenha seu perfil atualizado. A finalidade do registro e do tratamento eletr\u00f4nico dos dados pessoais inclui, igualmente, o envio de formul\u00e1rios de pesquisas, os quais o Cliente e ou Usu\u00e1rio n\u00e3o fica obrigado a responder.<\/p>\n<p><strong>Suas Informa\u00e7\u00f5es<\/strong><\/p>\n<p>Havendo solicita\u00e7\u00e3o formal, por qualquer Autoridade P\u00fablica ou Judicial, devidamente fundamentada, o Cliente e ou Usu\u00e1rio autoriza expressamente a <b>Juguetes para mascotas<\/b> a encaminhar os dados cadastrais solicitados, independente de notifica\u00e7\u00e3o pr\u00e9via ao Cliente e ou Usu\u00e1rio.<br \/>O cliente poder\u00e1, no entanto, a qualquer tempo solicitar a <b>Juguetes para mascotas<\/b> a exclus\u00e3o do seu cadastro, assim n\u00e3o receber\u00e1 mais informa\u00e7\u00f5es da empresa, seus produtos e servi\u00e7os.<\/p>\n<p><strong>Compartilhamento de informa\u00e7\u00f5es<\/strong><\/p>\n<p>A seguran\u00e7a de suas informa\u00e7\u00f5es \u00e9 muito importante para a <b>Juguetes para mascotas<\/b> Por isso este assunto \u00e9 tratado com muita responsabilidade. S\u00e3o compartilhadas com alguns parceiros, informa\u00e7\u00f5es necess\u00e1rias para a viabiliza\u00e7\u00e3o de certos servi\u00e7os, como por exemplo, a\u00e7\u00f5es de marketing. E este compartilhamento \u00e9 feito sempre e somente com o compromisso de respeito a esta pol\u00edtica de privacidade.<\/p>\n<p><strong>Certificado de Seguran\u00e7a<\/strong><\/p>\n<p>A <b>Juguetes para mascotas<\/b> tem adotado os n\u00edveis legalmente requeridos quanto \u00e0 seguran\u00e7a na prote\u00e7\u00e3o de dados, e procura instalar todos os meios e medidas adicionais para evitar a perda, mau uso, altera\u00e7\u00e3o, acesso n\u00e3o autorizado ou subtra\u00e7\u00e3o indevida destes dados pessoais recolhidos. Utiliza atualmente em seu site o Certificado de Seguran\u00e7a de n\u00edvel superior, que atrav\u00e9s do seu sistema de certifica\u00e7\u00e3o, permite comprovar a autenticidade do site <b>Juguetes para mascotas<\/b> a partir do local onde s\u00e3o fornecidos os dados pessoais, bem como garante a integridade e a confidencialidade dos mesmos durante a sua transmiss\u00e3o. N\u00e3o obstante, o Cliente e ou Usu\u00e1rio deve estar ciente de que as medidas de seguran\u00e7a relativas \u00e0 Internet n\u00e3o s\u00e3o integralmente infal\u00edveis.<\/p>\n<p><strong>Compra Segura \u2013 Meios de Pagamento<\/strong><\/p>\n<p>Al\u00e9m do sistema para prote\u00e7\u00e3o dos seus dados, outros procedimentos s\u00e3o adotados para a sua seguran\u00e7a. Todas as transa\u00e7\u00f5es de pagamento, com cart\u00e3o de cr\u00e9dito ou n\u00e3o, s\u00e3o executadas com a tecnologia SSL (Secure Socket Layer), garantindo que todos os dados pessoais do cliente, tais como, endere\u00e7o de entrega, dados de cart\u00e3o de cr\u00e9dito e hist\u00f3rico de pedidos, jamais sejam divulgados. Al\u00e9m disso, essa tecnologia visa impedir que as informa\u00e7\u00f5es sejam transmitidas ou acessadas por terceiros.<\/p>\n<p><strong>Coleta de Dados<\/strong><\/p>\n<p>Visando melhorar a comunica\u00e7\u00e3o com seus clientes, a <b>Juguetes para mascotas<\/b> recebe uma notifica\u00e7\u00e3o quando seus e-mails s\u00e3o abertos, caso esta funcionalidade esteja ativa no computador do cliente.<br \/>Tamb\u00e9m recebe, automaticamente, informa\u00e7\u00f5es de alguns dispositivos m\u00f3veis que acessam seu site e\/ou sites parceiros, somando informa\u00e7\u00f5es sobre as intera\u00e7\u00f5es dos clientes\/usu\u00e1rios, como p\u00e1ginas e\/ou produtos visualizados.<\/p>\n<p><strong>Cookies<\/strong><\/p>\n<p><b>Juguetes para mascotas<\/b> coleta informa\u00e7\u00f5es atrav\u00e9s de cookies (informa\u00e7\u00f5es enviadas pelo servidor da <b>Juguetes para mascotas<\/b> ao computador do usu\u00e1rio, para identific\u00e1-lo). Os cookies servem unicamente para controle interno de audi\u00eancia e de navega\u00e7\u00e3o. a <b>Juguetes para mascotas<\/b> utiliza cookies para guardar informa\u00e7\u00f5es da sua sacola de compras, o que facilita e agiliza sua compra. A aceita\u00e7\u00e3o dos cookies pode ser livremente alterada na configura\u00e7\u00e3o de seu navegador. Nossa sugest\u00e3o \u00e9 de que mantenha o salvamento de cookies, para poder usufruir de todos os recursos de navega\u00e7\u00e3o personalizada.<\/p>\n<p>Ao deixar um coment\u00e1rio no site, voc\u00ea poder\u00e1 optar por salvar seu nome, e-mail e site nos cookies. Isso visa seu conforto, assim voc\u00ea n\u00e3o precisar\u00e1 preencher seus dados novamente quando fizer outro coment\u00e1rio. Estes cookies duram um ano.<\/p>\n<p>Se voc\u00ea tem uma conta e acessa este site, um cookie tempor\u00e1rio ser\u00e1 criado para determinar se seu navegador aceita cookies. Ele n\u00e3o cont\u00e9m nenhum dado pessoal e ser\u00e1 descartado quando voc\u00ea fechar seu navegador.<\/p>\n<p>Quando voc\u00ea acessa sua conta no site, tamb\u00e9m criamos v\u00e1rios cookies para salvar os dados da sua conta e suas escolhas de exibi\u00e7\u00e3o de tela. Cookies de login s\u00e3o mantidos por dois dias e cookies de op\u00e7\u00f5es de tela por um ano. Se voc\u00ea selecionar \u201cLembrar-me\u201d, seu acesso ser\u00e1 mantido por duas semanas. Se voc\u00ea se desconectar da sua conta, os cookies de login ser\u00e3o removidos.<\/p>\n<p>Se voc\u00ea editar ou publicar um artigo, um cookie adicional ser\u00e1 salvo no seu navegador. Este cookie n\u00e3o inclui nenhum dado pessoal e simplesmente indica o ID do post referente ao artigo que voc\u00ea acabou de editar. Ele expira depois de 1 dia.<\/p>\n<p>Tipos de cookies que usamos<\/p>\n<p>Essencial: Alguns cookies s\u00e3o essenciais para que voc\u00ea possa experimentar todas as funcionalidades do nosso site. Eles nos permitem manter as sess\u00f5es do usu\u00e1rio e prevenir quaisquer amea\u00e7as \u00e0 seguran\u00e7a. Eles n\u00e3o coletam ou armazenam nenhuma informa\u00e7\u00e3o pessoal. Por exemplo, esses cookies permitem que voc\u00ea fa\u00e7a login em sua conta e adicione produtos \u00e0 sua cesta e finalize a compra com seguran\u00e7a.<\/p>\n<p>Estat\u00edsticas: Esses cookies armazenam informa\u00e7\u00f5es como o n\u00famero de visitantes do site, o n\u00famero de visitantes \u00fanicos, quais p\u00e1ginas do site foram visitadas, a origem da visita, etc. Esses dados nos ajudam a compreender e analisar o desempenho do site e onde precisa de melhorias. Utilizamos o Cookie do Google para gerar esses relat\u00f3rio no Google Analytics.<\/p>\n<p>Marketing: Nosso site exibe an\u00fancios. Esses cookies s\u00e3o usados \u200b\u200bpara personalizar os an\u00fancios que mostramos a voc\u00ea para que sejam significativos para voc\u00ea. Esses cookies tamb\u00e9m nos ajudam a acompanhar a efici\u00eancia dessas campanhas publicit\u00e1rias.<\/p>\n<p>As informa\u00e7\u00f5es armazenadas nesses cookies tamb\u00e9m podem ser usadas por provedores de an\u00fancios de terceiros para exibir an\u00fancios em outros sites no navegador tamb\u00e9m.<\/p>\n<p>Funcionais: s\u00e3o os cookies que auxiliam certas funcionalidades n\u00e3o essenciais do nosso site. Essas funcionalidades incluem a incorpora\u00e7\u00e3o de conte\u00fado como v\u00eddeos ou o compartilhamento de conte\u00fado no site em plataformas de m\u00eddia social.<\/p>\n<p><strong>Com quem partilhamos seus dados<br \/><\/strong><\/p>\n<div class=\"elementor-element elementor-element-5875edd elementor-widget elementor-widget-text-editor\" data-id=\"5875edd\" data-element_type=\"widget\" data-widget_type=\"text-editor.default\">\n<div class=\"elementor-widget-container\">\n<div class=\"elementor-text-editor elementor-clearfix\">\n<p>N\u00e3o compartilhamos seus dados com terceiros.<\/p>\n<p><strong>Por quanto tempo mantemos seus dados<br \/><\/strong><\/p>\n<\/div>\n<div class=\"elementor-element elementor-element-afa85b7 elementor-widget elementor-widget-text-editor\" data-id=\"afa85b7\" data-element_type=\"widget\" data-widget_type=\"text-editor.default\">\n<div class=\"elementor-widget-container\">\n<div class=\"elementor-text-editor elementor-clearfix\">\n<p>Se voc\u00ea deixar um coment\u00e1rio, o coment\u00e1rio e os seus metadados s\u00e3o conservados indefinidamente. Fazemos isso para que seja poss\u00edvel reconhecer e aprovar automaticamente qualquer coment\u00e1rio posterior ao inv\u00e9s de ret\u00ea-lo para modera\u00e7\u00e3o.<\/p>\n<p>Para usu\u00e1rios que se registram no nosso site (se houver), tamb\u00e9m guardamos as informa\u00e7\u00f5es pessoais que fornecem no seu perfil de usu\u00e1rio. Todos os usu\u00e1rios podem ver, editar ou excluir suas informa\u00e7\u00f5es pessoais a qualquer momento (s\u00f3 n\u00e3o \u00e9 poss\u00edvel alterar o seu username). Os administradores de sites tamb\u00e9m podem ver e editar estas informa\u00e7\u00f5es.<\/p>\n<p><strong>Quais os seus direitos sobre seus dados<br \/><\/strong><\/p>\n<p>Se voc\u00ea tiver uma conta neste site ou se tiver deixado coment\u00e1rios, pode solicitar um arquivo exportado dos dados pessoais que mantemos sobre voc\u00ea, inclusive quaisquer dados que nos tenha fornecido. Tamb\u00e9m pode solicitar que removamos qualquer dado pessoal que mantemos sobre voc\u00ea. Isto n\u00e3o inclui nenhuns dados que somos obrigados a manter para prop\u00f3sitos administrativos, legais ou de seguran\u00e7a. Para solicitar atrav\u00e9s de nosso formul\u00e1rio de contato que retornaremos em at\u00e9 28 dias.<\/p>\n<\/div>\n<\/div>\n<\/div>\n<\/div>\n<\/div>\n<p><strong>Propriedade Intelectual<\/strong><\/p>\n<p>As imagens e textos expostos no site da <b>Juguetes para mascotas<\/b> s\u00e3o de propriedade da empresa, protegidos por registro e ou contrato devidamente firmado entre as partes. \u00c9 expressamente proibida a c\u00f3pia, reprodu\u00e7\u00e3o e\/ou modifica\u00e7\u00e3o destas imagens e\/ou textos para uso comercial.<\/p>\n\t\t<\/div>\n\t\t\t\t\t<\/div>\n\n\t\n<\/div>","protected":false},"excerpt":{"rendered":"","protected":false},"author":2,"featured_media":0,"parent":0,"menu_order":0,"comment_status":"closed","ping_status":"closed","template":"page-blank.php","meta":{"footnotes":""},"acf":[],"_links":{"self":[{"href":"https:\/\/pettoys.com.br\/es\/wp-json\/wp\/v2\/pages\/161"}],"collection":[{"href":"https:\/\/pettoys.com.br\/es\/wp-json\/wp\/v2\/pages"}],"about":[{"href":"https:\/\/pettoys.com.br\/es\/wp-json\/wp\/v2\/types\/page"}],"author":[{"embeddable":true,"href":"https:\/\/pettoys.com.br\/es\/wp-json\/wp\/v2\/users\/2"}],"replies":[{"embeddable":true,"href":"https:\/\/pettoys.com.br\/es\/wp-json\/wp\/v2\/comments?post=161"}],"version-history":[{"count":1,"href":"https:\/\/pettoys.com.br\/es\/wp-json\/wp\/v2\/pages\/161\/revisions"}],"predecessor-version":[{"id":403,"href":"https:\/\/pettoys.com.br\/es\/wp-json\/wp\/v2\/pages\/161\/revisions\/403"}],"wp:attachment":[{"href":"https:\/\/pettoys.com.br\/es\/wp-json\/wp\/v2\/media?parent=161"}],"curies":[{"name":"wp","href":"https:\/\/api.w.org\/{rel}","templated":true}]}}