{"id":164,"date":"2020-08-14T18:17:33","date_gmt":"2020-08-14T21:17:33","guid":{"rendered":"https:\/\/pettoys.com.br\/?page_id=164"},"modified":"2020-09-23T14:40:20","modified_gmt":"2020-09-23T17:40:20","slug":"seguranca","status":"publish","type":"page","link":"https:\/\/pettoys.com.br\/es\/seguranca\/","title":{"rendered":"Seguridad"},"content":{"rendered":"<div class=\"row\"  id=\"row-2137875154\">\n\n\t<div id=\"col-1866775752\" class=\"col small-12 large-12\"  >\n\t\t\t\t<div class=\"col-inner\"  >\n\t\t\t\n\t\t\t\n\t<div id=\"gap-1061490344\" class=\"gap-element clearfix\" style=\"display:block; height:auto;\">\n\t\t\n<style>\n#gap-1061490344 {\n  padding-top: 30px;\n}\n<\/style>\n\t<\/div>\n\t\n<h1 class=\"product-title entry-title\">SEGURAN\u00c7A<\/h1>\n<p><b>Juguetes para mascotas<\/b> garante seguran\u00e7a e privacidade de identidade aos internautas que fazem compras na loja virtual.<\/p>\n<p>Dados cadastrados como nome, endere\u00e7o e n\u00famero de cart\u00e3o de cr\u00e9dito s\u00e3o protegidos por sistemas avan\u00e7ados de criptografia enquanto s\u00e3o enviados, e mantidos em sigilo em servidores seguros da empresa.<\/p>\n<p>O site <b>Juguetes para mascotas<\/b> tem adotado os n\u00edveis legalmente requeridos quanto \u00e0 seguran\u00e7a na prote\u00e7\u00e3o de dados, tendo instalado todos os meios e medidas t\u00e9cnicas ao seu alcance para evitar a perda, mau uso, altera\u00e7\u00e3o, acesso n\u00e3o autorizado ou subtra\u00e7\u00e3o indevida dos Dados Pessoais recolhidos.<\/p>\n<p>N\u00e3o obstante, o usu\u00e1rio deve estar ciente de que as medidas de seguran\u00e7a relativas \u00e0 internet n\u00e3o s\u00e3o integralmente infal\u00edveis. <b>Juguetes para mascotas<\/b> reserva-se o direito de modificar a presente pol\u00edtica para adapt\u00e1-la a altera\u00e7\u00f5es legislativas ou jurisprud\u00eancias, ou aquelas relativas \u00e0s pr\u00e1ticas comerciais.<\/p>\n<p>Em qualquer caso, <b>Juguetes para mascotas<\/b> anunciar\u00e1 no site, por meio desta p\u00e1gina, as mudan\u00e7as introduzidas com uma anteced\u00eancia razo\u00e1vel \u00e0 sua coloca\u00e7\u00e3o em pr\u00e1tica.<\/p>\n<p>Os Usu\u00e1rios poder\u00e3o exercer os direitos de acesso, cancelamento, retifica\u00e7\u00e3o e oposi\u00e7\u00e3o, bem como t\u00eam reconhecido o direito de obterem informa\u00e7\u00f5es contatando <b>Juguetes para mascotas<\/b> <strong><a href=\"https:\/\/pettoys.com.br\/es\/fale-conosco\/\">clicando aqui.<\/a><br \/><\/strong><\/p>\n\t\t<\/div>\n\t\t\t\t\t<\/div>\n\n\t\n<\/div>","protected":false},"excerpt":{"rendered":"","protected":false},"author":2,"featured_media":0,"parent":0,"menu_order":0,"comment_status":"closed","ping_status":"closed","template":"page-blank.php","meta":{"footnotes":""},"acf":[],"_links":{"self":[{"href":"https:\/\/pettoys.com.br\/es\/wp-json\/wp\/v2\/pages\/164"}],"collection":[{"href":"https:\/\/pettoys.com.br\/es\/wp-json\/wp\/v2\/pages"}],"about":[{"href":"https:\/\/pettoys.com.br\/es\/wp-json\/wp\/v2\/types\/page"}],"author":[{"embeddable":true,"href":"https:\/\/pettoys.com.br\/es\/wp-json\/wp\/v2\/users\/2"}],"replies":[{"embeddable":true,"href":"https:\/\/pettoys.com.br\/es\/wp-json\/wp\/v2\/comments?post=164"}],"version-history":[{"count":2,"href":"https:\/\/pettoys.com.br\/es\/wp-json\/wp\/v2\/pages\/164\/revisions"}],"predecessor-version":[{"id":340,"href":"https:\/\/pettoys.com.br\/es\/wp-json\/wp\/v2\/pages\/164\/revisions\/340"}],"wp:attachment":[{"href":"https:\/\/pettoys.com.br\/es\/wp-json\/wp\/v2\/media?parent=164"}],"curies":[{"name":"wp","href":"https:\/\/api.w.org\/{rel}","templated":true}]}}