{"id":171,"date":"2020-08-14T18:23:01","date_gmt":"2020-08-14T21:23:01","guid":{"rendered":"https:\/\/pettoys.com.br\/?page_id=171"},"modified":"2023-05-16T10:30:40","modified_gmt":"2023-05-16T13:30:40","slug":"quem-somos","status":"publish","type":"page","link":"https:\/\/pettoys.com.br\/es\/quem-somos\/","title":{"rendered":"Quienes somos"},"content":{"rendered":"<div id=\"page-header-655941490\" class=\"page-header-wrapper\">\n  <div class=\"page-title dark featured-title\">\n\n        <div class=\"page-title-bg\">\n      <div class=\"title-bg fill bg-fill\"\n        data-parallax-container=\".page-title\"\n        data-parallax-background\n data-parallax=\"-\">\n      <\/div>\n      <div class=\"title-overlay fill\"><\/div>\n    <\/div>\n    \n    <div class=\"page-title-inner container align-center flex-row medium-flex-wrap\" >\n              <div class=\"title-wrapper flex-col text-left medium-text-center\">\n          <h1 class=\"entry-title mb-0\">\n            Quienes somos          <\/h1>\n        <\/div>\n                    <div class=\"title-content flex-col flex-right text-right medium-text-center\">\n              <\/div>\n    <\/div>\n\n     \n<style>\n#page-header-655941490 .page-title-inner {\n  min-height: 170px;\n}\n#page-header-655941490 .title-bg {\n  background-image: url(https:\/\/pettoys.com.br\/wp-content\/uploads\/2022\/12\/quemsomos.jpg);\n}\n#page-header-655941490 .featured-title {\n  background-color: rgb(247, 247, 247);\n}\n<\/style>\n  <\/div>\n    <\/div>\n  \n<div class=\"row\"  id=\"row-1781140642\">\n\n\t<div id=\"col-813613096\" class=\"col small-12 large-12\"  >\n\t\t\t\t<div class=\"col-inner\"  >\n\t\t\t\n\t\t\t\n\t<div id=\"gap-71860264\" class=\"gap-element clearfix\" style=\"display:block; height:auto;\">\n\t\t\n<style>\n#gap-71860264 {\n  padding-top: 30px;\n}\n<\/style>\n\t<\/div>\n\t\n<p>Somos Pet Toys, fabricantes de productos para mascotas, donde la excelencia y la innovaci\u00f3n se unen para crear productos que marcan la diferencia en la vida de las mascotas y sus due\u00f1os.<\/p>\n<p>Contamos con una f\u00e1brica robusta y bien equipada, donde cada producto se desarrolla meticulosamente con un enfoque cuidadoso, donde la calidad y la seguridad son prioridades indiscutibles.<\/p>\n<p>Estamos comprometidos a superar los l\u00edmites, impulsados por la innovaci\u00f3n continua y el deseo de marcar la diferencia.<\/p>\n<p>\u00danase a nosotros en este viaje hacia un mundo de mascotas m\u00e1s extraordinario y descubra qu\u00e9 hace que Pet Toys sea una opci\u00f3n \u00fanica y confiable, y perm\u00edtanos ser parte de su \u00e9xito.<\/p>\n<h1 class=\"product-title entry-title\">Objetivo<\/h1>\n<p>Ofrecer productos de alta calidad, dise\u00f1o innovador y funcional para mascotas, contribuyendo al enriquecimiento ambiental de las mascotas y fortaleciendo los lazos de amor y amistad entre las mascotas y sus due\u00f1os.<\/p>\n<h1 class=\"product-title entry-title\">visi\u00f3n: \u200b<\/h1>\n<p>Ser el principal referente en el mercado de productos para mascotas, buscando constantemente la innovaci\u00f3n y la excelencia en todos los procesos.<\/p>\n<h1 class=\"product-title entry-title\">Valores:<\/h1>\n<p>Uni\u00f3n, compromiso, respeto, \u00e9tica, amor e innovaci\u00f3n.<\/p>\n\t\t<\/div>\n\t\t\t\t\t<\/div>\n\n\t\n<\/div>","protected":false},"excerpt":{"rendered":"","protected":false},"author":2,"featured_media":0,"parent":0,"menu_order":0,"comment_status":"closed","ping_status":"closed","template":"page-blank.php","meta":{"footnotes":""},"acf":[],"_links":{"self":[{"href":"https:\/\/pettoys.com.br\/es\/wp-json\/wp\/v2\/pages\/171"}],"collection":[{"href":"https:\/\/pettoys.com.br\/es\/wp-json\/wp\/v2\/pages"}],"about":[{"href":"https:\/\/pettoys.com.br\/es\/wp-json\/wp\/v2\/types\/page"}],"author":[{"embeddable":true,"href":"https:\/\/pettoys.com.br\/es\/wp-json\/wp\/v2\/users\/2"}],"replies":[{"embeddable":true,"href":"https:\/\/pettoys.com.br\/es\/wp-json\/wp\/v2\/comments?post=171"}],"version-history":[{"count":11,"href":"https:\/\/pettoys.com.br\/es\/wp-json\/wp\/v2\/pages\/171\/revisions"}],"predecessor-version":[{"id":2456,"href":"https:\/\/pettoys.com.br\/es\/wp-json\/wp\/v2\/pages\/171\/revisions\/2456"}],"wp:attachment":[{"href":"https:\/\/pettoys.com.br\/es\/wp-json\/wp\/v2\/media?parent=171"}],"curies":[{"name":"wp","href":"https:\/\/api.w.org\/{rel}","templated":true}]}}